{"id":475,"date":"2025-01-20T20:47:36","date_gmt":"2025-01-20T19:47:36","guid":{"rendered":"https:\/\/xn--tanalea-tza.com\/?page_id=475"},"modified":"2025-02-10T14:38:41","modified_gmt":"2025-02-10T13:38:41","slug":"service-sur-mesure","status":"publish","type":"page","link":"https:\/\/xn--tanalea-tza.com\/index.php\/service-sur-mesure\/","title":{"rendered":"Service sur mesure"},"content":{"rendered":"<p>[et_pb_section fb_built=\u00a0\u00bb1&Prime; admin_label=\u00a0\u00bbHeader\u00a0\u00bb _builder_version=\u00a0\u00bb4.21.0&Prime; _module_preset=\u00a0\u00bbdefault\u00a0\u00bb background_color=\u00a0\u00bbgcid-e787f6e4-87be-4325-83ae-4380ef468485&Prime; custom_padding=\u00a0\u00bb6%||0px||false|false\u00a0\u00bb collapsed=\u00a0\u00bbon\u00a0\u00bb global_colors_info=\u00a0\u00bb{%22gcid-e787f6e4-87be-4325-83ae-4380ef468485%22:%91%22background_color%22%93}\u00a0\u00bb][et_pb_row _builder_version=\u00a0\u00bb4.21.0&Prime; _module_preset=\u00a0\u00bbdefault\u00a0\u00bb max_width=\u00a0\u00bb800px\u00a0\u00bb locked=\u00a0\u00bboff\u00a0\u00bb global_colors_info=\u00a0\u00bb{}\u00a0\u00bb][et_pb_column type=\u00a0\u00bb4_4&Prime; _builder_version=\u00a0\u00bb4.21.0&Prime; _module_preset=\u00a0\u00bbdefault\u00a0\u00bb global_colors_info=\u00a0\u00bb{}\u00a0\u00bb][et_pb_text content_tablet=\u00a0\u00bb<\/p>\n<h1>S&rsquo;adapter, c&rsquo;est notre m\u00e9tier !<\/h1>\n<p>\u00a0\u00bb content_phone=\u00a0\u00bb<\/p>\n<h1>Service sur mesure<\/h1>\n<p>\u00a0\u00bb content_last_edited=\u00a0\u00bbon|phone\u00a0\u00bb _builder_version=\u00a0\u00bb4.21.0&Prime; _module_preset=\u00a0\u00bbe2d693a8-3448-44e6-903a-ab2657390b5b\u00a0\u00bb header_font=\u00a0\u00bbAcme|500||on|||||\u00a0\u00bb header_font_size=\u00a0\u00bb392%\u00a0\u00bb text_orientation=\u00a0\u00bbcenter\u00a0\u00bb header_font_size_phone=\u00a0\u00bb240%\u00a0\u00bb locked=\u00a0\u00bboff\u00a0\u00bb global_colors_info=\u00a0\u00bb{}\u00a0\u00bb]<\/p>\n<h1>Service sur mesure<\/h1>\n<p>[\/et_pb_text][\/et_pb_column][\/et_pb_row][\/et_pb_section][et_pb_section fb_built=\u00a0\u00bb1&Prime; admin_label=\u00a0\u00bbClasses\u00a0\u00bb _builder_version=\u00a0\u00bb4.21.0&Prime; _module_preset=\u00a0\u00bbdefault\u00a0\u00bb background_color=\u00a0\u00bb#fcf9f6&Prime; custom_padding=\u00a0\u00bb4px||0px|||\u00a0\u00bb locked=\u00a0\u00bboff\u00a0\u00bb collapsed=\u00a0\u00bbon\u00a0\u00bb global_colors_info=\u00a0\u00bb{}\u00a0\u00bb][et_pb_row column_structure=\u00a0\u00bb2_5,3_5&Prime; custom_padding_last_edited=\u00a0\u00bbon|tablet\u00a0\u00bb _builder_version=\u00a0\u00bb4.21.0&Prime; _module_preset=\u00a0\u00bbdefault\u00a0\u00bb custom_margin=\u00a0\u00bb0%|auto|0%|auto|false|false\u00a0\u00bb custom_padding=\u00a0\u00bb3%|0%|7%|0%|false|false\u00a0\u00bb custom_padding_tablet=\u00a0\u00bb||0px||false|false\u00a0\u00bb custom_padding_phone=\u00a0\u00bb0%|0%|0%|0%|false|false\u00a0\u00bb border_radii=\u00a0\u00bbon|2%|2%|2%|2%\u00a0\u00bb border_radii_tablet=\u00a0\u00bbon|2%|2%|2%|2%\u00a0\u00bb border_radii_phone=\u00a0\u00bbon|2%|2%|2%|2%\u00a0\u00bb border_radii_last_edited=\u00a0\u00bbon|phone\u00a0\u00bb locked=\u00a0\u00bboff\u00a0\u00bb global_colors_info=\u00a0\u00bb{}\u00a0\u00bb][et_pb_column type=\u00a0\u00bb2_5&Prime; _builder_version=\u00a0\u00bb4.21.0&Prime; _module_preset=\u00a0\u00bbdefault\u00a0\u00bb global_colors_info=\u00a0\u00bb{}\u00a0\u00bb][et_pb_image src=\u00a0\u00bbhttps:\/\/xn--tanalea-tza.com\/wp-content\/uploads\/2025\/01\/tanaleia-service-sur-mesure-07.jpg\u00a0\u00bb title_text=\u00a0\u00bbtanaleia service sur mesure-07&Prime; _builder_version=\u00a0\u00bb4.21.0&Prime; _module_preset=\u00a0\u00bbdefault\u00a0\u00bb border_radii=\u00a0\u00bbon|10%|10%|10%|10%\u00a0\u00bb global_colors_info=\u00a0\u00bb{}\u00a0\u00bb][\/et_pb_image][\/et_pb_column][et_pb_column type=\u00a0\u00bb3_5&Prime; _builder_version=\u00a0\u00bb4.21.0&Prime; _module_preset=\u00a0\u00bbdefault\u00a0\u00bb global_colors_info=\u00a0\u00bb{}\u00a0\u00bb][et_pb_text _builder_version=\u00a0\u00bb4.21.0&Prime; _module_preset=\u00a0\u00bbdefault\u00a0\u00bb custom_margin=\u00a0\u00bb4%|0%|0%|0%|false|false\u00a0\u00bb custom_margin_last_edited=\u00a0\u00bboff|desktop\u00a0\u00bb custom_padding=\u00a0\u00bb0%|0%|0%|0%|false|false\u00a0\u00bb custom_padding_tablet=\u00a0\u00bb0%|0%|0%|0%|false|false\u00a0\u00bb custom_padding_phone=\u00a0\u00bb0%|0%|26%|0%|false|false\u00a0\u00bb custom_padding_last_edited=\u00a0\u00bbon|phone\u00a0\u00bb global_colors_info=\u00a0\u00bb{}\u00a0\u00bb]<\/p>\n<p>Nous accompagnons associations, collectivit\u00e9s et entreprises dans la cr\u00e9ation d\u2019\u00e9v\u00e9nements culturels uniques et f\u00e9d\u00e9rateurs. Qu\u2019il s\u2019agisse de c\u00e9l\u00e9brations de No\u00ebl, de festivals, de f\u00eates de quartier ou de soir\u00e9es \u00e0 th\u00e8me, nous imaginons des concepts sur-mesure, con\u00e7us pour rassembler et \u00e9merveiller tous les publics.<\/p>\n<p>Avec des spectacles vivants, des animations immersives, des ateliers participatifs ou encore des d\u00e9corations th\u00e9matiques soign\u00e9es, chaque \u00e9v\u00e9nement devient une exp\u00e9rience originale et marquante. Pour les f\u00eates de fin d\u2019ann\u00e9e, nos shows de No\u00ebl et activit\u00e9s d\u00e9di\u00e9es allient tradition et modernit\u00e9 pour offrir des moments magiques et chaleureux.<\/p>\n<p>Nous travaillons en \u00e9troite collaboration avec les associations et collectivit\u00e9s afin de proposer des solutions adapt\u00e9es \u00e0 leurs besoins et \u00e0 leurs publics, qu\u2019il s\u2019agisse de grands rassemblements ou d\u2019initiatives locales plus intimistes. Gr\u00e2ce \u00e0 notre \u00e9quipe passionn\u00e9e et exp\u00e9riment\u00e9e, chaque projet est pris en charge avec soin pour garantir des instants festifs et conviviaux, o\u00f9 cr\u00e9ativit\u00e9 et professionnalisme se conjuguent\u00a0parfaitement.<\/p>\n<p>[\/et_pb_text][\/et_pb_column][\/et_pb_row][\/et_pb_section][et_pb_section fb_built=\u00a0\u00bb1&Prime; custom_padding_last_edited=\u00a0\u00bbon|phone\u00a0\u00bb admin_label=\u00a0\u00bbFooter\u00a0\u00bb _builder_version=\u00a0\u00bb4.21.0&Prime; _module_preset=\u00a0\u00bbdefault\u00a0\u00bb use_background_color_gradient=\u00a0\u00bbon\u00a0\u00bb background_color_gradient_direction=\u00a0\u00bb207deg\u00a0\u00bb background_color_gradient_stops=\u00a0\u00bbrgba(255,255,255,0) 1%|#2bb4da 99%\u00a0\u00bb background_color_gradient_overlays_image=\u00a0\u00bbon\u00a0\u00bb background_image=\u00a0\u00bbhttps:\/\/xn--tanalea-tza.com\/wp-content\/uploads\/2025\/01\/tanaleia-photo-de-famille-en-vacance-qui-rigole-et-fond-la-fete-.jpg\u00a0\u00bb custom_margin_tablet=\u00a0\u00bb\u00a0\u00bb custom_margin_phone=\u00a0\u00bb-9%|-65%|0%|-7%|false|false\u00a0\u00bb custom_margin_last_edited=\u00a0\u00bbon|phone\u00a0\u00bb custom_padding=\u00a0\u00bb17.6%||16%||false|false\u00a0\u00bb custom_padding_tablet=\u00a0\u00bb54px||0px||false|false\u00a0\u00bb custom_padding_phone=\u00a0\u00bb0%|0%|0%|8%|false|false\u00a0\u00bb saved_tabs=\u00a0\u00bball\u00a0\u00bb locked=\u00a0\u00bboff\u00a0\u00bb collapsed=\u00a0\u00bbon\u00a0\u00bb global_colors_info=\u00a0\u00bb{}\u00a0\u00bb][et_pb_row column_structure=\u00a0\u00bb1_2,1_2&Prime; _builder_version=\u00a0\u00bb4.21.0&Prime; _module_preset=\u00a0\u00bbdefault\u00a0\u00bb custom_margin=\u00a0\u00bb-3px|auto|-99px|auto|false|false\u00a0\u00bb custom_padding=\u00a0\u00bb62px||0px||false|false\u00a0\u00bb global_colors_info=\u00a0\u00bb{}\u00a0\u00bb][et_pb_column type=\u00a0\u00bb1_2&Prime; _builder_version=\u00a0\u00bb4.21.0&Prime; _module_preset=\u00a0\u00bbdefault\u00a0\u00bb global_colors_info=\u00a0\u00bb{}\u00a0\u00bb][et_pb_text _builder_version=\u00a0\u00bb4.21.0&Prime; _module_preset=\u00a0\u00bb6fb441ec-58b1-4939-b71b-cb708cf56fa0&Prime; text_font=\u00a0\u00bbAcme||||||||\u00a0\u00bb header_6_font=\u00a0\u00bbAcme|500|||||||\u00a0\u00bb header_6_text_color=\u00a0\u00bb#FFFFFF\u00a0\u00bb header_6_font_size=\u00a0\u00bb250%\u00a0\u00bb header_6_font_size_phone=\u00a0\u00bb250%\u00a0\u00bb locked=\u00a0\u00bboff\u00a0\u00bb global_colors_info=\u00a0\u00bb{}\u00a0\u00bb]<\/p>\n<h6>Contact<\/h6>\n<p>[\/et_pb_text][et_pb_text _builder_version=\u00a0\u00bb4.27.4&Prime; _module_preset=\u00a0\u00bbed76bc95-d092-4ce4-86ce-59cd2eea8e5c\u00a0\u00bb text_text_color=\u00a0\u00bb#FFFFFF\u00a0\u00bb text_font_size=\u00a0\u00bb150%\u00a0\u00bb link_text_color=\u00a0\u00bb#FFFFFF\u00a0\u00bb custom_margin=\u00a0\u00bb||0px||false|false\u00a0\u00bb hover_enabled=\u00a0\u00bb0&Prime; text_font_size_phone=\u00a0\u00bb125%\u00a0\u00bb locked=\u00a0\u00bboff\u00a0\u00bb global_colors_info=\u00a0\u00bb{}\u00a0\u00bb sticky_enabled=\u00a0\u00bb0&Prime;]<\/p>\n<p><span>tanaleia.event@gmail.com<\/span><\/p>\n<p>[\/et_pb_text][et_pb_text _builder_version=\u00a0\u00bb4.21.0&Prime; _module_preset=\u00a0\u00bb0857bca2-edcc-46c5-8c1c-2d1e8f515c4a\u00a0\u00bb link_text_color=\u00a0\u00bb#FFFFFF\u00a0\u00bb header_4_font=\u00a0\u00bbAcme|500|||||||\u00a0\u00bb header_4_text_color=\u00a0\u00bb#FFFFFF\u00a0\u00bb header_4_font_size=\u00a0\u00bb260%\u00a0\u00bb header_4_font_tablet=\u00a0\u00bbAcme|500|||||||\u00a0\u00bb header_4_font_phone=\u00a0\u00bbAcme|500|||||||\u00a0\u00bb header_4_font_last_edited=\u00a0\u00bbon|phone\u00a0\u00bb header_4_font_size_phone=\u00a0\u00bb160%\u00a0\u00bb locked=\u00a0\u00bboff\u00a0\u00bb global_colors_info=\u00a0\u00bb{}\u00a0\u00bb]<\/p>\n<h4>0603808299<\/h4>\n<p>[\/et_pb_text][\/et_pb_column][et_pb_column type=\u00a0\u00bb1_2&Prime; _builder_version=\u00a0\u00bb4.21.0&Prime; _module_preset=\u00a0\u00bbdefault\u00a0\u00bb global_colors_info=\u00a0\u00bb{}\u00a0\u00bb][et_pb_text _builder_version=\u00a0\u00bb4.21.0&Prime; _module_preset=\u00a0\u00bb6fb441ec-58b1-4939-b71b-cb708cf56fa0&Prime; text_font=\u00a0\u00bbAcme||||||||\u00a0\u00bb header_6_font=\u00a0\u00bbAcme|500|||||||\u00a0\u00bb header_6_text_color=\u00a0\u00bb#FFFFFF\u00a0\u00bb header_6_font_size=\u00a0\u00bb250%\u00a0\u00bb custom_margin=\u00a0\u00bb||-11px|||\u00a0\u00bb custom_padding=\u00a0\u00bb||4%||false|false\u00a0\u00bb header_6_font_size_phone=\u00a0\u00bb161%\u00a0\u00bb locked=\u00a0\u00bboff\u00a0\u00bb global_colors_info=\u00a0\u00bb{}\u00a0\u00bb]<\/p>\n<h6>Suivez-nous sur nos r\u00e9seaux !<\/h6>\n<p>[\/et_pb_text][et_pb_social_media_follow _builder_version=\u00a0\u00bb4.21.0&Prime; _module_preset=\u00a0\u00bbdefault\u00a0\u00bb custom_padding=\u00a0\u00bb0px||22px||false|false\u00a0\u00bb global_colors_info=\u00a0\u00bb{}\u00a0\u00bb][et_pb_social_media_follow_network social_network=\u00a0\u00bbfacebook\u00a0\u00bb url=\u00a0\u00bbhttps:\/\/www.facebook.com\/profile.php?id=61567046708052&#038;locale=fr_FR\u00a0\u00bb _builder_version=\u00a0\u00bb4.21.0&Prime; _module_preset=\u00a0\u00bbdefault\u00a0\u00bb background_color=\u00a0\u00bbRGBA(255,255,255,0)\u00a0\u00bb background_enable_color=\u00a0\u00bbon\u00a0\u00bb custom_padding=\u00a0\u00bb4px|4px|4px|4px|true|true\u00a0\u00bb border_radii=\u00a0\u00bbon|100px|100px|100px|100px\u00a0\u00bb border_width_all=\u00a0\u00bb1px\u00a0\u00bb border_color_all=\u00a0\u00bb#FFFFFF\u00a0\u00bb global_colors_info=\u00a0\u00bb{}\u00a0\u00bb follow_button=\u00a0\u00bboff\u00a0\u00bb url_new_window=\u00a0\u00bbon\u00a0\u00bb]facebook[\/et_pb_social_media_follow_network][et_pb_social_media_follow_network social_network=\u00a0\u00bbinstagram\u00a0\u00bb url=\u00a0\u00bbhttps:\/\/www.instagram.com\/tanaleia.event\/\u00a0\u00bb _builder_version=\u00a0\u00bb4.21.0&Prime; _module_preset=\u00a0\u00bbdefault\u00a0\u00bb background_color=\u00a0\u00bbRGBA(255,255,255,0)\u00a0\u00bb background_enable_color=\u00a0\u00bbon\u00a0\u00bb custom_padding=\u00a0\u00bb4px|4px|4px|4px|true|true\u00a0\u00bb border_radii=\u00a0\u00bbon|100px|100px|100px|100px\u00a0\u00bb border_width_all=\u00a0\u00bb1px\u00a0\u00bb border_color_all=\u00a0\u00bb#FFFFFF\u00a0\u00bb global_colors_info=\u00a0\u00bb{}\u00a0\u00bb follow_button=\u00a0\u00bboff\u00a0\u00bb url_new_window=\u00a0\u00bbon\u00a0\u00bb]instagram[\/et_pb_social_media_follow_network][\/et_pb_social_media_follow][\/et_pb_column][\/et_pb_row][\/et_pb_section]<\/p>\n","protected":false},"excerpt":{"rendered":"<p>Service sur mesureNous accompagnons associations, collectivit\u00e9s et entreprises dans la cr\u00e9ation d\u2019\u00e9v\u00e9nements culturels uniques et f\u00e9d\u00e9rateurs. Qu\u2019il s\u2019agisse de c\u00e9l\u00e9brations de No\u00ebl, de festivals, de f\u00eates de quartier ou de soir\u00e9es \u00e0 th\u00e8me, nous imaginons des concepts sur-mesure, con\u00e7us pour rassembler et \u00e9merveiller tous les publics. Avec des spectacles vivants, des animations immersives, des ateliers [&hellip;]<\/p>\n","protected":false},"author":1,"featured_media":0,"parent":0,"menu_order":0,"comment_status":"closed","ping_status":"closed","template":"","meta":{"_et_pb_use_builder":"on","_et_pb_old_content":"","_et_gb_content_width":"","footnotes":""},"class_list":["post-475","page","type-page","status-publish","hentry"],"_links":{"self":[{"href":"https:\/\/xn--tanalea-tza.com\/index.php\/wp-json\/wp\/v2\/pages\/475","targetHints":{"allow":["GET"]}}],"collection":[{"href":"https:\/\/xn--tanalea-tza.com\/index.php\/wp-json\/wp\/v2\/pages"}],"about":[{"href":"https:\/\/xn--tanalea-tza.com\/index.php\/wp-json\/wp\/v2\/types\/page"}],"author":[{"embeddable":true,"href":"https:\/\/xn--tanalea-tza.com\/index.php\/wp-json\/wp\/v2\/users\/1"}],"replies":[{"embeddable":true,"href":"https:\/\/xn--tanalea-tza.com\/index.php\/wp-json\/wp\/v2\/comments?post=475"}],"version-history":[{"count":15,"href":"https:\/\/xn--tanalea-tza.com\/index.php\/wp-json\/wp\/v2\/pages\/475\/revisions"}],"predecessor-version":[{"id":732,"href":"https:\/\/xn--tanalea-tza.com\/index.php\/wp-json\/wp\/v2\/pages\/475\/revisions\/732"}],"wp:attachment":[{"href":"https:\/\/xn--tanalea-tza.com\/index.php\/wp-json\/wp\/v2\/media?parent=475"}],"curies":[{"name":"wp","href":"https:\/\/api.w.org\/{rel}","templated":true}]}}