{"id":618,"date":"2025-01-27T10:50:33","date_gmt":"2025-01-27T09:50:33","guid":{"rendered":"https:\/\/xn--tanalea-tza.com\/?page_id=618"},"modified":"2025-01-31T10:54:29","modified_gmt":"2025-01-31T09:54:29","slug":"preparer-ses-vacances-tanaleia","status":"publish","type":"page","link":"https:\/\/xn--tanalea-tza.com\/index.php\/preparer-ses-vacances-tanaleia\/","title":{"rendered":"Pr\u00e9parer ses vacances Tanale\u00efa"},"content":{"rendered":"<p>[et_pb_section fb_built=\u00a0\u00bb1&Prime; admin_label=\u00a0\u00bbHeader\u00a0\u00bb _builder_version=\u00a0\u00bb4.21.0&Prime; _module_preset=\u00a0\u00bbdefault\u00a0\u00bb background_enable_color=\u00a0\u00bboff\u00a0\u00bb background_image=\u00a0\u00bbhttp:\/\/xn--tanalea-tza.com\/wp-content\/uploads\/2025\/01\/element-web-05-02-02-scaled.jpg\u00a0\u00bb custom_padding=\u00a0\u00bb4%||19.9%||false|false\u00a0\u00bb collapsed=\u00a0\u00bbon\u00a0\u00bb global_colors_info=\u00a0\u00bb{%22gcid-e787f6e4-87be-4325-83ae-4380ef468485%22:%91%22background_color%22%93}\u00a0\u00bb][\/et_pb_section][et_pb_section fb_built=\u00a0\u00bb1&Prime; admin_label=\u00a0\u00bbClasses\u00a0\u00bb _builder_version=\u00a0\u00bb4.21.0&Prime; _module_preset=\u00a0\u00bbdefault\u00a0\u00bb background_color=\u00a0\u00bb#fcf9f6&Prime; custom_padding=\u00a0\u00bb4px||0px|||\u00a0\u00bb locked=\u00a0\u00bboff\u00a0\u00bb collapsed=\u00a0\u00bbon\u00a0\u00bb global_colors_info=\u00a0\u00bb{}\u00a0\u00bb][et_pb_row _builder_version=\u00a0\u00bb4.21.0&Prime; _module_preset=\u00a0\u00bbdefault\u00a0\u00bb max_width=\u00a0\u00bb800px\u00a0\u00bb locked=\u00a0\u00bboff\u00a0\u00bb global_colors_info=\u00a0\u00bb{}\u00a0\u00bb][et_pb_column type=\u00a0\u00bb4_4&Prime; _builder_version=\u00a0\u00bb4.21.0&Prime; _module_preset=\u00a0\u00bbdefault\u00a0\u00bb global_colors_info=\u00a0\u00bb{}\u00a0\u00bb][et_pb_text content_tablet=\u00a0\u00bb<\/p>\n<h1>S&rsquo;adapter, c&rsquo;est notre m\u00e9tier !<\/h1>\n<p>\u00a0\u00bb content_phone=\u00a0\u00bb<\/p>\n<h1>Service \u00e9v\u00e9nementiel<\/h1>\n<p>\u00a0\u00bb content_last_edited=\u00a0\u00bbon|phone\u00a0\u00bb _builder_version=\u00a0\u00bb4.21.0&Prime; _module_preset=\u00a0\u00bbe2d693a8-3448-44e6-903a-ab2657390b5b\u00a0\u00bb header_font=\u00a0\u00bbAcme|500||on|||||\u00a0\u00bb header_font_size=\u00a0\u00bb392%\u00a0\u00bb text_orientation=\u00a0\u00bbcenter\u00a0\u00bb custom_margin=\u00a0\u00bb10%||||false|false\u00a0\u00bb custom_padding=\u00a0\u00bb0%||||false|false\u00a0\u00bb hover_enabled=\u00a0\u00bb0&Prime; header_font_size_phone=\u00a0\u00bb240%\u00a0\u00bb locked=\u00a0\u00bboff\u00a0\u00bb global_colors_info=\u00a0\u00bb{}\u00a0\u00bb sticky_enabled=\u00a0\u00bb0&Prime;]<\/p>\n<h1>Nos conseils<\/h1>\n<h1>pour vos vacances<\/h1>\n<p>[\/et_pb_text][\/et_pb_column][\/et_pb_row][et_pb_row custom_padding_last_edited=\u00a0\u00bbon|tablet\u00a0\u00bb _builder_version=\u00a0\u00bb4.21.0&Prime; _module_preset=\u00a0\u00bbdefault\u00a0\u00bb custom_margin=\u00a0\u00bb0%|auto|0%|auto|false|false\u00a0\u00bb custom_padding=\u00a0\u00bb0%|0%|3%|0%|false|false\u00a0\u00bb custom_padding_tablet=\u00a0\u00bb||0px||false|false\u00a0\u00bb custom_padding_phone=\u00a0\u00bb0%|0%|0%|0%|false|false\u00a0\u00bb border_radii=\u00a0\u00bbon|2%|2%|2%|2%\u00a0\u00bb border_radii_tablet=\u00a0\u00bbon|2%|2%|2%|2%\u00a0\u00bb border_radii_phone=\u00a0\u00bbon|2%|2%|2%|2%\u00a0\u00bb border_radii_last_edited=\u00a0\u00bbon|phone\u00a0\u00bb locked=\u00a0\u00bboff\u00a0\u00bb global_colors_info=\u00a0\u00bb{}\u00a0\u00bb][et_pb_column type=\u00a0\u00bb4_4&Prime; _builder_version=\u00a0\u00bb4.21.0&Prime; _module_preset=\u00a0\u00bbdefault\u00a0\u00bb global_colors_info=\u00a0\u00bb{}\u00a0\u00bb][et_pb_text _builder_version=\u00a0\u00bb4.21.0&Prime; _module_preset=\u00a0\u00bbdefault\u00a0\u00bb custom_margin=\u00a0\u00bb|0%|20%|0%|false|false\u00a0\u00bb custom_padding=\u00a0\u00bb2%|0%|1.9%|0%|false|false\u00a0\u00bb hover_enabled=\u00a0\u00bb0&Prime; global_colors_info=\u00a0\u00bb{}\u00a0\u00bb sticky_enabled=\u00a0\u00bb0&Prime;]<\/p>\n<p>Les vacances au camping sont l&rsquo;occasion id\u00e9ale pour se d\u00e9tendre, profiter de la nature et vivre des moments conviviaux en famille ou entre amis. Pour que votre s\u00e9jour soit un succ\u00e8s, voici quelques conseils pour bien le pr\u00e9parer :<\/p>\n<p>1. Choisir le bon camping : tout commence par le choix du camping. R\u00e9fl\u00e9chissez \u00e0 vos attentes : souhaitez-vous un camping familial avec animations pour les enfants, un endroit tranquille en pleine nature ou un camping proche de la mer ou des montagnes\u202f? Consultez les avis en ligne et v\u00e9rifiez les services propos\u00e9s, tels que les piscines, les activit\u00e9s ou les \u00e9quipements (sanitaires, restaurants, etc.).<\/p>\n<p>2. Faire une liste de ce qu\u2019il faut emporter : L\u2019essentiel pour un s\u00e9jour r\u00e9ussi est de bien pr\u00e9voir son \u00e9quipement. Voici quelque incontournables \u00e0 ne pas oublier :<\/p>\n<p>Tente, caravane ou camping-car selon votre type d&rsquo;h\u00e9bergement.<\/p>\n<p>Sac de couchage et matelas confortables pour bien dormir.<\/p>\n<p>V\u00eatements adapt\u00e9s \u00e0 la m\u00e9t\u00e9o (n\u2019oubliez pas une veste pour les soir\u00e9es fra\u00eeches).<\/p>\n<p>Trousse de premiers secours avec les essentiels (pansements, d\u00e9sinfectant, m\u00e9dicaments de base).<\/p>\n<p>Lampe de poche ou lampe frontale pour les soir\u00e9es.<\/p>\n<p>Cr\u00e8me solaire, chapeaux et lunettes de soleil pour se prot\u00e9ger du soleil.<\/p>\n<p>Jeux et divertissements pour les enfants (ballons, jeux de soci\u00e9t\u00e9, livres).<\/p>\n<p>3. Pr\u00e9voir la nourriture et les repas : Informez-vous sur les \u00e9quipements disponibles dans le camping (r\u00e9frig\u00e9rateur, barbecue, \u00e9picerie) et pr\u00e9parez un menu simple pour vos repas. Emportez de quoi cuisiner et des aliments non-p\u00e9rissables pour \u00e9viter les mauvaises surprises. Pr\u00e9voyez des piques-niques pour vos sorties et des collations pour les randonn\u00e9es.<\/p>\n<p>4. Pr\u00e9voir les activit\u00e9s : renseignez-vous sur les activit\u00e9s propos\u00e9es par le camping et dans la r\u00e9gion. Que vous soyez adepte de farniente, de randonn\u00e9es, de baignades ou d\u2019activit\u00e9s sportives, il est toujours utile d\u2019avoir une id\u00e9e des options qui s\u2019offrent \u00e0 vous. Pensez \u00e9galement aux animations du camping : spectacles, chasses au tr\u00e9sor, mini-clubs pour enfants, soir\u00e9es karaok\u00e9, etc.<\/p>\n<p>5. S\u2019organiser pour les enfants : si vous partez en famille, pr\u00e9parez des activit\u00e9s pour occuper vos enfants. V\u00e9rifiez les clubs enfants et les animations propos\u00e9es dans le camping pour qu\u2019ils puissent s\u2019amuser en toute s\u00e9curit\u00e9 pendant que vous profitez de vos vacances.<\/p>\n<p>6. Ne pas oublier les formalit\u00e9s : avant de partir, v\u00e9rifiez vos r\u00e9servations, vos assurances, et assurez-vous d\u2019avoir tous les papiers n\u00e9cessaires (carte d\u2019identit\u00e9, carte vitale, assurance camping, etc.).<\/p>\n<p>Enfin, l\u2019essentiel pour bien r\u00e9ussir ses vacances au camping est de se d\u00e9tendre, de profiter du moment pr\u00e9sent, et de s\u2019adapter aux impr\u00e9vus, car ce sont souvent eux qui cr\u00e9ent les meilleurs\u00a0souvenirs.<\/p>\n<p>[\/et_pb_text][\/et_pb_column][\/et_pb_row][\/et_pb_section][et_pb_section fb_built=\u00a0\u00bb1&Prime; custom_padding_last_edited=\u00a0\u00bbon|phone\u00a0\u00bb admin_label=\u00a0\u00bbFooter\u00a0\u00bb _builder_version=\u00a0\u00bb4.21.0&Prime; _module_preset=\u00a0\u00bbdefault\u00a0\u00bb use_background_color_gradient=\u00a0\u00bbon\u00a0\u00bb background_color_gradient_direction=\u00a0\u00bb207deg\u00a0\u00bb background_color_gradient_stops=\u00a0\u00bbrgba(255,255,255,0) 1%|#2bb4da 99%\u00a0\u00bb background_color_gradient_overlays_image=\u00a0\u00bbon\u00a0\u00bb background_image=\u00a0\u00bbhttp:\/\/xn--tanalea-tza.com\/wp-content\/uploads\/2025\/01\/tanaleia-photo-de-famille-en-vacance-qui-rigole-et-fond-la-fete-.jpg\u00a0\u00bb custom_margin_tablet=\u00a0\u00bb\u00a0\u00bb custom_margin_phone=\u00a0\u00bb-9%|-65%|0%|-7%|false|false\u00a0\u00bb custom_margin_last_edited=\u00a0\u00bbon|phone\u00a0\u00bb custom_padding=\u00a0\u00bb17.6%||16%||false|false\u00a0\u00bb custom_padding_tablet=\u00a0\u00bb54px||0px||false|false\u00a0\u00bb custom_padding_phone=\u00a0\u00bb0%|0%|0%|8%|false|false\u00a0\u00bb saved_tabs=\u00a0\u00bball\u00a0\u00bb locked=\u00a0\u00bboff\u00a0\u00bb collapsed=\u00a0\u00bbon\u00a0\u00bb global_colors_info=\u00a0\u00bb{}\u00a0\u00bb][et_pb_row column_structure=\u00a0\u00bb1_2,1_2&Prime; _builder_version=\u00a0\u00bb4.21.0&Prime; _module_preset=\u00a0\u00bbdefault\u00a0\u00bb custom_margin=\u00a0\u00bb-3px|auto|-99px|auto|false|false\u00a0\u00bb custom_padding=\u00a0\u00bb62px||0px||false|false\u00a0\u00bb global_colors_info=\u00a0\u00bb{}\u00a0\u00bb][et_pb_column type=\u00a0\u00bb1_2&Prime; _builder_version=\u00a0\u00bb4.21.0&Prime; _module_preset=\u00a0\u00bbdefault\u00a0\u00bb global_colors_info=\u00a0\u00bb{}\u00a0\u00bb][et_pb_text _builder_version=\u00a0\u00bb4.21.0&Prime; _module_preset=\u00a0\u00bb6fb441ec-58b1-4939-b71b-cb708cf56fa0&Prime; text_font=\u00a0\u00bbAcme||||||||\u00a0\u00bb header_6_font=\u00a0\u00bbAcme|500|||||||\u00a0\u00bb header_6_text_color=\u00a0\u00bb#FFFFFF\u00a0\u00bb header_6_font_size=\u00a0\u00bb250%\u00a0\u00bb header_6_font_size_phone=\u00a0\u00bb250%\u00a0\u00bb locked=\u00a0\u00bboff\u00a0\u00bb global_colors_info=\u00a0\u00bb{}\u00a0\u00bb]<\/p>\n<h6>Contact<\/h6>\n<p>[\/et_pb_text][et_pb_text _builder_version=\u00a0\u00bb4.21.0&Prime; _module_preset=\u00a0\u00bbed76bc95-d092-4ce4-86ce-59cd2eea8e5c\u00a0\u00bb text_text_color=\u00a0\u00bb#FFFFFF\u00a0\u00bb text_font_size=\u00a0\u00bb150%\u00a0\u00bb link_text_color=\u00a0\u00bb#FFFFFF\u00a0\u00bb custom_margin=\u00a0\u00bb||0px||false|false\u00a0\u00bb text_font_size_phone=\u00a0\u00bb125%\u00a0\u00bb locked=\u00a0\u00bboff\u00a0\u00bb global_colors_info=\u00a0\u00bb{}\u00a0\u00bb]<\/p>\n<p>tanale\u00efa.event@gmail.com<\/p>\n<p>[\/et_pb_text][et_pb_text _builder_version=\u00a0\u00bb4.21.0&Prime; _module_preset=\u00a0\u00bb0857bca2-edcc-46c5-8c1c-2d1e8f515c4a\u00a0\u00bb link_text_color=\u00a0\u00bb#FFFFFF\u00a0\u00bb header_4_font=\u00a0\u00bbAcme|500|||||||\u00a0\u00bb header_4_text_color=\u00a0\u00bb#FFFFFF\u00a0\u00bb header_4_font_size=\u00a0\u00bb260%\u00a0\u00bb header_4_font_tablet=\u00a0\u00bbAcme|500|||||||\u00a0\u00bb header_4_font_phone=\u00a0\u00bbAcme|500|||||||\u00a0\u00bb header_4_font_last_edited=\u00a0\u00bbon|phone\u00a0\u00bb header_4_font_size_phone=\u00a0\u00bb160%\u00a0\u00bb locked=\u00a0\u00bboff\u00a0\u00bb global_colors_info=\u00a0\u00bb{}\u00a0\u00bb]<\/p>\n<h4>0603808299<\/h4>\n<p>[\/et_pb_text][\/et_pb_column][et_pb_column type=\u00a0\u00bb1_2&Prime; _builder_version=\u00a0\u00bb4.21.0&Prime; _module_preset=\u00a0\u00bbdefault\u00a0\u00bb global_colors_info=\u00a0\u00bb{}\u00a0\u00bb][et_pb_text _builder_version=\u00a0\u00bb4.21.0&Prime; _module_preset=\u00a0\u00bb6fb441ec-58b1-4939-b71b-cb708cf56fa0&Prime; text_font=\u00a0\u00bbAcme||||||||\u00a0\u00bb header_6_font=\u00a0\u00bbAcme|500|||||||\u00a0\u00bb header_6_text_color=\u00a0\u00bb#FFFFFF\u00a0\u00bb header_6_font_size=\u00a0\u00bb250%\u00a0\u00bb custom_margin=\u00a0\u00bb||-11px|||\u00a0\u00bb custom_padding=\u00a0\u00bb||4%||false|false\u00a0\u00bb header_6_font_size_phone=\u00a0\u00bb161%\u00a0\u00bb locked=\u00a0\u00bboff\u00a0\u00bb global_colors_info=\u00a0\u00bb{}\u00a0\u00bb]<\/p>\n<h6>Suivez-nous sur nos r\u00e9seaux !<\/h6>\n<p>[\/et_pb_text][et_pb_social_media_follow _builder_version=\u00a0\u00bb4.21.0&Prime; _module_preset=\u00a0\u00bbdefault\u00a0\u00bb custom_padding=\u00a0\u00bb0px||22px||false|false\u00a0\u00bb global_colors_info=\u00a0\u00bb{}\u00a0\u00bb][et_pb_social_media_follow_network social_network=\u00a0\u00bbfacebook\u00a0\u00bb url=\u00a0\u00bbhttps:\/\/www.facebook.com\/profile.php?id=61567046708052&#038;locale=fr_FR\u00a0\u00bb _builder_version=\u00a0\u00bb4.21.0&Prime; _module_preset=\u00a0\u00bbdefault\u00a0\u00bb background_color=\u00a0\u00bbRGBA(255,255,255,0)\u00a0\u00bb background_enable_color=\u00a0\u00bbon\u00a0\u00bb custom_padding=\u00a0\u00bb4px|4px|4px|4px|true|true\u00a0\u00bb border_radii=\u00a0\u00bbon|100px|100px|100px|100px\u00a0\u00bb border_width_all=\u00a0\u00bb1px\u00a0\u00bb border_color_all=\u00a0\u00bb#FFFFFF\u00a0\u00bb global_colors_info=\u00a0\u00bb{}\u00a0\u00bb follow_button=\u00a0\u00bboff\u00a0\u00bb url_new_window=\u00a0\u00bbon\u00a0\u00bb]facebook[\/et_pb_social_media_follow_network][et_pb_social_media_follow_network social_network=\u00a0\u00bbinstagram\u00a0\u00bb url=\u00a0\u00bbhttps:\/\/www.instagram.com\/tanaleia.event\/\u00a0\u00bb _builder_version=\u00a0\u00bb4.21.0&Prime; _module_preset=\u00a0\u00bbdefault\u00a0\u00bb background_color=\u00a0\u00bbRGBA(255,255,255,0)\u00a0\u00bb background_enable_color=\u00a0\u00bbon\u00a0\u00bb custom_padding=\u00a0\u00bb4px|4px|4px|4px|true|true\u00a0\u00bb border_radii=\u00a0\u00bbon|100px|100px|100px|100px\u00a0\u00bb border_width_all=\u00a0\u00bb1px\u00a0\u00bb border_color_all=\u00a0\u00bb#FFFFFF\u00a0\u00bb global_colors_info=\u00a0\u00bb{}\u00a0\u00bb follow_button=\u00a0\u00bboff\u00a0\u00bb url_new_window=\u00a0\u00bbon\u00a0\u00bb]instagram[\/et_pb_social_media_follow_network][\/et_pb_social_media_follow][\/et_pb_column][\/et_pb_row][\/et_pb_section]<\/p>\n","protected":false},"excerpt":{"rendered":"<p>Nos conseils pour vos vacancesLes vacances au camping sont l&rsquo;occasion id\u00e9ale pour se d\u00e9tendre, profiter de la nature et vivre des moments conviviaux en famille ou entre amis. Pour que votre s\u00e9jour soit un succ\u00e8s, voici quelques conseils pour bien le pr\u00e9parer : 1. Choisir le bon camping : tout commence par le choix du [&hellip;]<\/p>\n","protected":false},"author":1,"featured_media":0,"parent":0,"menu_order":0,"comment_status":"closed","ping_status":"closed","template":"","meta":{"_et_pb_use_builder":"on","_et_pb_old_content":"","_et_gb_content_width":"","footnotes":""},"class_list":["post-618","page","type-page","status-publish","hentry"],"_links":{"self":[{"href":"https:\/\/xn--tanalea-tza.com\/index.php\/wp-json\/wp\/v2\/pages\/618","targetHints":{"allow":["GET"]}}],"collection":[{"href":"https:\/\/xn--tanalea-tza.com\/index.php\/wp-json\/wp\/v2\/pages"}],"about":[{"href":"https:\/\/xn--tanalea-tza.com\/index.php\/wp-json\/wp\/v2\/types\/page"}],"author":[{"embeddable":true,"href":"https:\/\/xn--tanalea-tza.com\/index.php\/wp-json\/wp\/v2\/users\/1"}],"replies":[{"embeddable":true,"href":"https:\/\/xn--tanalea-tza.com\/index.php\/wp-json\/wp\/v2\/comments?post=618"}],"version-history":[{"count":6,"href":"https:\/\/xn--tanalea-tza.com\/index.php\/wp-json\/wp\/v2\/pages\/618\/revisions"}],"predecessor-version":[{"id":723,"href":"https:\/\/xn--tanalea-tza.com\/index.php\/wp-json\/wp\/v2\/pages\/618\/revisions\/723"}],"wp:attachment":[{"href":"https:\/\/xn--tanalea-tza.com\/index.php\/wp-json\/wp\/v2\/media?parent=618"}],"curies":[{"name":"wp","href":"https:\/\/api.w.org\/{rel}","templated":true}]}}